{"id":3,"date":"2023-03-26T17:21:12","date_gmt":"2023-03-26T17:21:12","guid":{"rendered":"https:\/\/qubit.legal\/legal\/?page_id=3"},"modified":"2023-04-08T16:36:44","modified_gmt":"2023-04-08T16:36:44","slug":"privacy-policy","status":"publish","type":"page","link":"https:\/\/qubit.legal\/legal\/privacy-policy\/","title":{"rendered":"Pol\u00edtica de Privacidad"},"content":{"rendered":"[et_pb_section fb_built=\u00bb1&#8243; admin_label=\u00bbsection\u00bb _builder_version=\u00bb4.16&#8243; global_colors_info=\u00bb{}\u00bb][et_pb_row admin_label=\u00bbrow\u00bb _builder_version=\u00bb4.16&#8243; background_size=\u00bbinitial\u00bb background_position=\u00bbtop_left\u00bb background_repeat=\u00bbrepeat\u00bb global_colors_info=\u00bb{}\u00bb][et_pb_column type=\u00bb4_4&#8243; _builder_version=\u00bb4.16&#8243; custom_padding=\u00bb|||\u00bb global_colors_info=\u00bb{}\u00bb custom_padding__hover=\u00bb|||\u00bb][et_pb_text admin_label=\u00bbText\u00bb _builder_version=\u00bb4.16&#8243; background_size=\u00bbinitial\u00bb background_position=\u00bbtop_left\u00bb background_repeat=\u00bbrepeat\u00bb global_colors_info=\u00bb{}\u00bb]<h2 class=\"privacy-policy-h1\"><span _mstmutation=\"1\" _msttexthash=\"5261503\" _msthash=\"346\">Pol\u00edtica de privacidad actualizada por \u00faltima vez el 28-Mar-2023\u00a0Fecha de entrada en vigor 28-Mar-2023<br _mstmutation=\"1\" _istranslated=\"1\" \/><\/span><\/h2>\n<p class=\"privacy-policy-p\" _msttexthash=\"171786823\" _msthash=\"347\">Esta Pol\u00edtica de privacidad describe las pol\u00edticas de Eduardo Goig Alique, c\/ Profesor Beltr\u00e1n B\u00e1guena 5, 7\u00aa, 9\u00aa, Valencia 46009, Espa\u00f1a Correo electr\u00f3nico: info@qubit.legal, Tel\u00e9fono: 960115929 sobre la colecci\u00f3n, Uso y divulgaci\u00f3n de su informaci\u00f3n que recopilamos cuando utiliza nuestro sitio web ( https:\/\/qubit.legal\/legal ). (el \u00abServicio\u00bb). Accediendo o utilizando el Servicio, usted est\u00e1 consintiendo la recopilaci\u00f3n, uso y Divulgaci\u00f3n de su informaci\u00f3n de acuerdo con este Pol\u00edtica de privacidad. Si no da su consentimiento, por favor, no acceda ni utilice el Servicio.<\/p>\n<p class=\"privacy-policy-p\" _msttexthash=\"122450874\" _msthash=\"348\">Podemos modificar esta Pol\u00edtica de privacidad en cualquier momento sin cualquier notificaci\u00f3n previa a usted y publicar\u00e1 la versi\u00f3n revisada Pol\u00edtica de privacidad en el Servicio. La Pol\u00edtica revisada Ser efectivo 180 d\u00edas a partir de cuando el La Pol\u00edtica revisada se publica en el Servicio y su acceso continuo o uso del Servicio despu\u00e9s de ese tiempo constituir\u00e1 su aceptaci\u00f3n de la Privacidad revisada Pol\u00edtica. Por lo tanto, le recomendamos que peri\u00f3dicamente Revise esta p\u00e1gina.<\/p>\n<ol class=\"privacy-policy-ol\">\n<li>INFORMACI\u00d3N QUE RECOPILAMOS:\n<p class=\"privacy-policy-p\" _msttexthash=\"3790124\" _msthash=\"350\">Recopilaremos y procesaremos lo siguiente Informaci\u00f3n personal sobre usted:<\/p>\n<ol class=\"privacy-policy-ol\">\n<li _msttexthash=\"76193\" _msthash=\"351\">Nombre<\/li>\n<li _msttexthash=\"385671\" _msthash=\"352\">Correo electr\u00f3nico<\/li>\n<li _msttexthash=\"75179\" _msthash=\"353\">M\u00f3vil<\/li>\n<li _msttexthash=\"1171976\" _msthash=\"354\">Datos relativos a fraudes patrimoniales<\/li>\n<\/ol>\n<\/li>\n<li>C\u00d3MO UTILIZAMOS SU INFORMACI\u00d3N:\n<p class=\"privacy-policy-p\" _msttexthash=\"5040360\" _msthash=\"356\">Utilizaremos la informaci\u00f3n que recopilamos sobre usted para los siguientes prop\u00f3sitos:<\/p>\n<ol class=\"privacy-policy-ol\">\n<li _msttexthash=\"475709\" _msthash=\"357\">Marketing \/ Promocional<\/li>\n<li _msttexthash=\"186459\" _msthash=\"358\">Testimonios<\/li>\n<li _msttexthash=\"1374347\" _msthash=\"359\">Recopilaci\u00f3n de comentarios de los clientes<\/li>\n<li _msttexthash=\"350116\" _msthash=\"360\">Hacer cumplir los T&amp;C<\/li>\n<li _msttexthash=\"416780\" _msthash=\"361\">Procesamiento de pago<\/li>\n<li _msttexthash=\"371514\" _msthash=\"362\">Publicidad dirigida<\/li>\n<li _msttexthash=\"738270\" _msthash=\"363\">Gestionar el pedido del cliente<\/li>\n<\/ol>\n<p class=\"privacy-policy-p\" _msttexthash=\"41160535\" _msthash=\"364\">Si queremos utilizar su informaci\u00f3n para cualquier otro prop\u00f3sito, le pediremos su consentimiento y Utilice su informaci\u00f3n solo al recibir su consentimiento y luego, solo para el (los) prop\u00f3sito (s) para que otorgan consentimiento a menos que se nos exija de lo contrario por ley.<\/p>\n<\/li>\n<li>\n<h2 class=\"privacy-policy-h2\" _msttexthash=\"901914\" _msthash=\"365\">C\u00d3MO COMPARTIMOS SU INFORMACI\u00d3N:<\/h2>\n<p class=\"privacy-policy-p\" _msttexthash=\"13776503\" _msthash=\"366\">No transferiremos su informaci\u00f3n personal a cualquier tercero sin solicitar su consentimiento, excepto en circunstancias limitadas como se describe abajo:<\/p>\n<ol class=\"privacy-policy-ol\">\n<li _msttexthash=\"149409\" _msthash=\"367\">Anal\u00edtica<\/li>\n<li _msttexthash=\"1083771\" _msthash=\"368\">Recopilaci\u00f3n y procesamiento de datos<\/li>\n<\/ol>\n<p class=\"privacy-policy-p\" _msttexthash=\"26341861\" _msthash=\"369\">Requerimos que dichos terceros utilicen el Informaci\u00f3n personal que les transferimos solo para los fines para los que fue transferido, y no conservarlo durante m\u00e1s tiempo del necesario para cumpliendo dicho prop\u00f3sito.<\/p>\n<p class=\"privacy-policy-p\" _msttexthash=\"119457572\" _msthash=\"370\">Tambi\u00e9n podemos divulgar su informaci\u00f3n personal para lo siguiente: (1) para cumplir con ley, reglamento, orden judicial u otro legal proceso; (2) para hacer cumplir sus acuerdos con nosotros, incluyendo esta Pol\u00edtica de Privacidad; o (3) para responder a reclamos de que su uso del Servicio viola cualquier derecho de terceros. Si el Servicio o nuestro La empresa se fusiona o se adquiere con otra empresa, su informaci\u00f3n ser\u00e1 una de las activos que se transfieren al nuevo propietario.<\/p>\n<\/li>\n<li>RETENCI\u00d3N DE SU INFORMACI\u00d3N:\n<p class=\"privacy-policy-p\" _msttexthash=\"245161293\" _msthash=\"372\">Conservaremos su informaci\u00f3n personal con nosotros para De 90 d\u00edas a 2 a\u00f1os despu\u00e9s de que las cuentas de usuario permanezcan inactivas o para como siempre y cuando lo necesitemos para cumplir los prop\u00f3sitos de que se recogi\u00f3 como se detalla en este Pol\u00edtica de privacidad. Es posible que necesitemos retener ciertos informaci\u00f3n para per\u00edodos m\u00e1s largos, como Mantenimiento de registros \/ informes de acuerdo con Ley aplicable o por otras razones leg\u00edtimas Al igual que la aplicaci\u00f3n de los derechos legales, el fraude prevenci\u00f3n, etc. Informaci\u00f3n an\u00f3nima residual e informaci\u00f3n agregada, ninguna de las cuales lo identifica (directa o indirectamente), puede ser almacenado indefinidamente.<\/p>\n<\/li>\n<li>SUS DERECHOS:\n<p class=\"privacy-policy-p\" _msttexthash=\"216023925\" _msthash=\"374\">Dependiendo de la ley que se aplique, es posible que tenga un derecho a acceder y rectificar o borrar su datos personales o recibir una copia de sus datos personales datos, restringir u objetar el activo procesamiento de sus datos, solicitarnos que compartamos (puerto) su informaci\u00f3n personal a otra entidad, retirar cualquier consentimiento que nos haya proporcionado para procesar sus datos, un derecho a presentar una queja con una autoridad legal y otros derechos seg\u00fan sea relevante seg\u00fan las leyes aplicables. Para Para ejercer estos derechos, puede escribirnos a info@qubit.legal. Le responderemos a su solicitud de acuerdo con la ley aplicable.<\/p>\n<p class=\"privacy-policy-p\" _msttexthash=\"38715638\" _msthash=\"375\">Tenga en cuenta que si no nos permite recopilar o procesar la informaci\u00f3n personal requerida o retirar el consentimiento para tramitar el mismo para el Prop\u00f3sitos requeridos, es posible que no pueda acceder o utilizar los servicios para los que su informaci\u00f3n se busc\u00f3.<\/p>\n<\/li>\n<li>COOKIES, ETC.\n<p class=\"privacy-policy-p\"><span _mstmutation=\"1\" _msttexthash=\"13441870\" _msthash=\"377\">Para obtener m\u00e1s informaci\u00f3n sobre c\u00f3mo usamos estos y sus opciones en relaci\u00f3n con este seguimiento tecnolog\u00edas, consulte nuestra\u00a0<a href=\"https:\/\/qubit.legal\/legal\/informacion-de-cookies\/\" _mstmutation=\"1\" _istranslated=\"1\">Pol\u00edtica de cookies.<\/a><\/span><\/p>\n<\/li>\n<li>SEGURIDAD:\n<p class=\"privacy-policy-p\" _msttexthash=\"101419812\" _msthash=\"379\">La seguridad de su informaci\u00f3n es importante para nosotros y nosotros utilizaremos medidas de seguridad razonables para evitar la p\u00e9rdida, mal uso o no autorizado Alteraci\u00f3n de su informaci\u00f3n bajo nuestro control. Sin embargo, dados los riesgos inherentes, no puede garantizar una seguridad absoluta y En consecuencia, no podemos asegurar ni garantizar el Seguridad de cualquier informaci\u00f3n que nos transmita Y lo hace bajo su propio riesgo.<\/p>\n<\/li>\n<li>ENLACES DE TERCEROS Y USO DE SU INFORMACI\u00d3N:\n<p class=\"privacy-policy-p\" _msttexthash=\"171081235\" _msthash=\"381\">Nuestro Servicio puede contener enlaces a otros sitios web que no son operados por nosotros. Esta Pol\u00edtica de Privacidad no aborda la pol\u00edtica de privacidad y otros pr\u00e1cticas de terceros, incluyendo cualquier Terceros que operan cualquier sitio web o servicio que puede ser accesible a trav\u00e9s de un enlace en el Servicio. Le recomendamos encarecidamente que revise el Pol\u00edtica de privacidad de cada sitio que visite. Tenemos no controlar y no asumir ninguna responsabilidad por el contenido, las pol\u00edticas de privacidad o las pr\u00e1cticas de cualquier sitio o servicio de terceros.<\/p>\n<\/li>\n<li>QUEJA \/ OFICIAL DE PROTECCI\u00d3N DE DATOS:\n<p class=\"privacy-policy-p\" _msttexthash=\"55394625\" _msthash=\"383\">Si tiene alguna pregunta o inquietud sobre el Procesamiento de su informaci\u00f3n disponible con nosotros, puede enviar un correo electr\u00f3nico a nuestro Oficial de Quejas a Eduardo Goig Alique, c\/ Profesor Beltr\u00e1n B\u00e1guena 5, 7\u00aa, 9\u00aa, Correo electr\u00f3nico: info@qubit.legal. Abordaremos sus inquietudes de acuerdo con la ley aplicable.<\/p>\n<\/li>\n<\/ol>\n<p class=\"privacy-policy-p\" _msttexthash=\"1461421\" _msthash=\"384\">Pol\u00edtica de privacidad generada con<span>\u00a0<\/span><a target=\"_blank\" href=\"https:\/\/www.cookieyes.com\/?utm_source=PP&amp;utm_medium=footer&amp;utm_campaign=UW\" _istranslated=\"1\" rel=\"noopener\">CookieYes<\/a>.<\/p>\n<p><\/p>[\/et_pb_text][\/et_pb_column][\/et_pb_row][\/et_pb_section]<!-- \/wp:post-content -->","protected":false},"excerpt":{"rendered":"<p>Pol\u00edtica de privacidad actualizada por \u00faltima vez el 28-Mar-2023\u00a0Fecha de entrada en vigor 28-Mar-2023 Esta Pol\u00edtica de privacidad describe las pol\u00edticas de Eduardo Goig Alique, c\/ Profesor Beltr\u00e1n B\u00e1guena 5, 7\u00aa, 9\u00aa, Valencia 46009, Espa\u00f1a Correo electr\u00f3nico: info@qubit.legal, Tel\u00e9fono: 960115929 sobre la colecci\u00f3n, Uso y divulgaci\u00f3n de su informaci\u00f3n que recopilamos cuando utiliza nuestro sitio [&hellip;]<\/p>\n","protected":false},"author":1,"featured_media":0,"parent":0,"menu_order":0,"comment_status":"closed","ping_status":"closed","template":"","meta":{"_et_pb_use_builder":"on","_et_pb_old_content":"<!-- wp:heading --><h2>Who we are<\/h2><!-- \/wp:heading --><!-- wp:paragraph --><p><strong class=\"privacy-policy-tutorial\">Suggested text: <\/strong>Our website address is: https:\/\/qubit.legal\/legal.<\/p><!-- \/wp:paragraph --><!-- wp:heading --><h2>Comments<\/h2><!-- \/wp:heading --><!-- wp:paragraph --><p><strong class=\"privacy-policy-tutorial\">Suggested text: <\/strong>When visitors leave comments on the site we collect the data shown in the comments form, and also the visitor&#8217;s IP address and browser user agent string to help spam detection.<\/p><!-- \/wp:paragraph --><!-- wp:paragraph --><p>An anonymized string created from your email address (also called a hash) may be provided to the Gravatar service to see if you are using it. The Gravatar service privacy policy is available here: https:\/\/automattic.com\/privacy\/. After approval of your comment, your profile picture is visible to the public in the context of your comment.<\/p><!-- \/wp:paragraph --><!-- wp:heading --><h2>Media<\/h2><!-- \/wp:heading --><!-- wp:paragraph --><p><strong class=\"privacy-policy-tutorial\">Suggested text: <\/strong>If you upload images to the website, you should avoid uploading images with embedded location data (EXIF GPS) included. Visitors to the website can download and extract any location data from images on the website.<\/p><!-- \/wp:paragraph --><!-- wp:heading --><h2>Cookies<\/h2><!-- \/wp:heading --><!-- wp:paragraph --><p><strong class=\"privacy-policy-tutorial\">Suggested text: <\/strong>If you leave a comment on our site you may opt-in to saving your name, email address and website in cookies. These are for your convenience so that you do not have to fill in your details again when you leave another comment. These cookies will last for one year.<\/p><!-- \/wp:paragraph --><!-- wp:paragraph --><p>If you visit our login page, we will set a temporary cookie to determine if your browser accepts cookies. This cookie contains no personal data and is discarded when you close your browser.<\/p><!-- \/wp:paragraph --><!-- wp:paragraph --><p>When you log in, we will also set up several cookies to save your login information and your screen display choices. Login cookies last for two days, and screen options cookies last for a year. If you select &quot;Remember Me&quot;, your login will persist for two weeks. If you log out of your account, the login cookies will be removed.<\/p><!-- \/wp:paragraph --><!-- wp:paragraph --><p>If you edit or publish an article, an additional cookie will be saved in your browser. This cookie includes no personal data and simply indicates the post ID of the article you just edited. It expires after 1 day.<\/p><!-- \/wp:paragraph --><!-- wp:heading --><h2>Embedded content from other websites<\/h2><!-- \/wp:heading --><!-- wp:paragraph --><p><strong class=\"privacy-policy-tutorial\">Suggested text: <\/strong>Articles on this site may include embedded content (e.g. videos, images, articles, etc.). Embedded content from other websites behaves in the exact same way as if the visitor has visited the other website.<\/p><!-- \/wp:paragraph --><!-- wp:paragraph --><p>These websites may collect data about you, use cookies, embed additional third-party tracking, and monitor your interaction with that embedded content, including tracking your interaction with the embedded content if you have an account and are logged in to that website.<\/p><!-- \/wp:paragraph --><!-- wp:heading --><h2>Who we share your data with<\/h2><!-- \/wp:heading --><!-- wp:paragraph --><p><strong class=\"privacy-policy-tutorial\">Suggested text: <\/strong>If you request a password reset, your IP address will be included in the reset email.<\/p><!-- \/wp:paragraph --><!-- wp:heading --><h2>How long we retain your data<\/h2><!-- \/wp:heading --><!-- wp:paragraph --><p><strong class=\"privacy-policy-tutorial\">Suggested text: <\/strong>If you leave a comment, the comment and its metadata are retained indefinitely. This is so we can recognize and approve any follow-up comments automatically instead of holding them in a moderation queue.<\/p><!-- \/wp:paragraph --><!-- wp:paragraph --><p>For users that register on our website (if any), we also store the personal information they provide in their user profile. All users can see, edit, or delete their personal information at any time (except they cannot change their username). Website administrators can also see and edit that information.<\/p><!-- \/wp:paragraph --><!-- wp:heading --><h2>What rights you have over your data<\/h2><!-- \/wp:heading --><!-- wp:paragraph --><p><strong class=\"privacy-policy-tutorial\">Suggested text: <\/strong>If you have an account on this site, or have left comments, you can request to receive an exported file of the personal data we hold about you, including any data you have provided to us. You can also request that we erase any personal data we hold about you. This does not include any data we are obliged to keep for administrative, legal, or security purposes.<\/p><!-- \/wp:paragraph --><!-- wp:heading --><h2>Where your data is sent<\/h2><!-- \/wp:heading --><!-- wp:paragraph --><p><strong class=\"privacy-policy-tutorial\">Suggested text: <\/strong>Visitor comments may be checked through an automated spam detection service.<\/p><!-- \/wp:paragraph -->","_et_gb_content_width":"","_monsterinsights_skip_tracking":false,"_monsterinsights_sitenote_active":false,"_monsterinsights_sitenote_note":"","_monsterinsights_sitenote_category":0,"footnotes":""},"class_list":["post-3","page","type-page","status-publish","hentry"],"aioseo_notices":[],"_links":{"self":[{"href":"https:\/\/qubit.legal\/legal\/wp-json\/wp\/v2\/pages\/3","targetHints":{"allow":["GET"]}}],"collection":[{"href":"https:\/\/qubit.legal\/legal\/wp-json\/wp\/v2\/pages"}],"about":[{"href":"https:\/\/qubit.legal\/legal\/wp-json\/wp\/v2\/types\/page"}],"author":[{"embeddable":true,"href":"https:\/\/qubit.legal\/legal\/wp-json\/wp\/v2\/users\/1"}],"replies":[{"embeddable":true,"href":"https:\/\/qubit.legal\/legal\/wp-json\/wp\/v2\/comments?post=3"}],"version-history":[{"count":4,"href":"https:\/\/qubit.legal\/legal\/wp-json\/wp\/v2\/pages\/3\/revisions"}],"predecessor-version":[{"id":105208,"href":"https:\/\/qubit.legal\/legal\/wp-json\/wp\/v2\/pages\/3\/revisions\/105208"}],"wp:attachment":[{"href":"https:\/\/qubit.legal\/legal\/wp-json\/wp\/v2\/media?parent=3"}],"curies":[{"name":"wp","href":"https:\/\/api.w.org\/{rel}","templated":true}]}}