{"id":105165,"date":"2023-03-28T19:08:16","date_gmt":"2023-03-28T19:08:16","guid":{"rendered":"https:\/\/qubit.legal\/legal\/?page_id=105165"},"modified":"2023-03-30T20:30:59","modified_gmt":"2023-03-30T20:30:59","slug":"informacion-de-cookies","status":"publish","type":"page","link":"https:\/\/qubit.legal\/legal\/informacion-de-cookies\/","title":{"rendered":"Informaci\u00f3n de cookies"},"content":{"rendered":"<p>[et_pb_section fb_built=\u00bb1&#8243; _builder_version=\u00bb4.20.2&#8243; _module_preset=\u00bbdefault\u00bb global_colors_info=\u00bb{}\u00bb][et_pb_row _builder_version=\u00bb4.20.2&#8243; _module_preset=\u00bbdefault\u00bb global_colors_info=\u00bb{}\u00bb][et_pb_column type=\u00bb4_4&#8243; _builder_version=\u00bb4.20.2&#8243; _module_preset=\u00bbdefault\u00bb global_colors_info=\u00bb{}\u00bb][et_pb_code _builder_version=\u00bb4.20.2&#8243; _module_preset=\u00bbdefault\u00bb hover_enabled=\u00bb0&#8243; global_colors_info=\u00bb{}\u00bb sticky_enabled=\u00bb0&#8243;]<\/p>\n<style><!-- [et_pb_line_break_holder] -->    a.cky-banner-element {<!-- [et_pb_line_break_holder] -->        padding: 8px 30px;<!-- [et_pb_line_break_holder] -->        background: #F8F9FA;<!-- [et_pb_line_break_holder] -->        color: #858A8F;<!-- [et_pb_line_break_holder] -->        border: 1px solid #DEE2E6;<!-- [et_pb_line_break_holder] -->        box-sizing: border-box;<!-- [et_pb_line_break_holder] -->        border-radius: 2px;<!-- [et_pb_line_break_holder] -->        cursor: pointer;<!-- [et_pb_line_break_holder] -->}<!-- [et_pb_line_break_holder] --><\/style>\n<p><!-- [et_pb_line_break_holder] --><\/p>\n<h1 class=\"cookie-policy-h1\">Pol\u00edtica de cookies<\/h1>\n<p><!-- [et_pb_line_break_holder] --><pee><!-- [et_pb_line_break_holder] -->    Fecha de entrada en vigor: 28-Mar-2023 <!\u2013- [et_pb_br_holder] -\u2013><!-- [et_pb_line_break_holder] -->    \u00daltima actualizaci\u00f3n: 28-Mar-2023<!-- [et_pb_line_break_holder] --><\/pee><!-- [et_pb_line_break_holder] --><!-- [et_pb_line_break_holder] -->&nbsp;<!-- [et_pb_line_break_holder] --><\/p>\n<h5>\u00bfQu\u00e9 son las cookies?<\/h5>\n<p><!-- [et_pb_line_break_holder] --><\/p>\n<div class=\"cookie-policy-p\"><pee>Esta Pol\u00edtica de cookies explica qu\u00e9 son las cookies y c\u00f3mo las usamos, los tipos de cookies que utilizamos, es decir, la informaci\u00f3n que recopilamos mediante cookies y c\u00f3mo se utiliza esa informaci\u00f3n, y c\u00f3mo administrar la configuraci\u00f3n de cookies.<\/pee><\/div>\n<p><!-- [et_pb_line_break_holder] --><!-- [et_pb_line_break_holder] -->&nbsp;<!-- [et_pb_line_break_holder] --><\/p>\n<h5>\u00bfComo utilizamos las cookies?<\/h5>\n<p><!-- [et_pb_line_break_holder] --><\/p>\n<div class=\"cookie-policy-p\"><pee>Las cookies son peque\u00f1os archivos de texto que se utilizan para almacenar peque\u00f1as piezas de informaci\u00f3n. Se almacenan en su dispositivo cuando el sitio web se carga en su navegador. Estas cookies nos ayudan a hacer que el sitio web funcione correctamente, hacerlo m\u00e1s seguro, proporcionar una mejor experiencia de usuario y comprender c\u00f3mo funciona el sitio web y analizar qu\u00e9 funciona y d\u00f3nde necesita mejoras.<\/pee><\/div>\n<p><!-- [et_pb_line_break_holder] --><!-- [et_pb_line_break_holder] -->&nbsp;<!-- [et_pb_line_break_holder] -->    <\/p>\n<h5>Informaci\u00f3n de Cookies<\/h5>\n<p><!-- [et_pb_line_break_holder] --><!-- [et_pb_line_break_holder] -->    <\/p>\n<div class=\"cky-audit-table-element\"><\/div>\n<p><!-- [et_pb_line_break_holder] --><!-- [et_pb_line_break_holder] -->&nbsp;<!-- [et_pb_line_break_holder] -->    <\/p>\n<h5 style=\"margin-bottom:20px;\">Administrar preferencias de cookie<\/h5>\n<p><!-- [et_pb_line_break_holder] --><!-- [et_pb_line_break_holder] -->    <a class=\"cky-banner-element\">Ajustes Cookie <\/a> <!\u2013- [et_pb_br_holder] -\u2013><!-- [et_pb_line_break_holder] -->&nbsp;<!-- [et_pb_line_break_holder] --><!-- [et_pb_line_break_holder] -->    <\/p>\n<div><pee>Puede cambiar sus preferencias de cookies en cualquier momento haciendo clic en el bot\u00f3n anterior. Esto le permitir\u00e1 volver a visitar el banner de consentimiento de cookies y cambiar sus preferencias o retirar su consentimiento de inmediato.<\/pee><pee>Adem\u00e1s de esto, diferentes navegadores proporcionan diferentes m\u00e9todos para bloquear y eliminar las cookies utilizadas por los sitios web. Puede cambiar la configuraci\u00f3n de su navegador para bloquear\/eliminar las cookies. A continuaci\u00f3n se enumeran los enlaces a los documentos de soporte sobre c\u00f3mo administrar y eliminar cookies de los principales navegadores web.<\/pee><pee>Chrome: <a target=\"_blank\" rel=\"noopener noreferrer\" href=\"https:\/\/support.google.com\/accounts\/answer\/32050\">https:\/\/support.google.com\/accounts\/answer\/32050<\/a><\/pee><pee>Safari: <a target=\"_blank\" rel=\"noopener noreferrer\" href=\"https:\/\/support.apple.com\/en-in\/guide\/safari\/sfri11471\/mac\">https:\/\/support.apple.com\/en-in\/guide\/safari\/sfri11471\/mac<\/a><\/pee><pee>Firefox: <a target=\"_blank\" rel=\"noopener noreferrer\" href=\"https:\/\/support.mozilla.org\/en-US\/kb\/clear-cookies-and-site-data-firefox?redirectslug=delete-cookies-remove-info-websites-stored&amp;redirectlocale=en-US\">https:\/\/support.mozilla.org\/en-US\/kb\/clear-cookies-and-site-data-firefox?redirectslug=delete-cookies-remove-info-websites-stored&amp;redirectlocale=en-US<\/a><\/pee><pee>Internet Explorer: <a target=\"_blank\" rel=\"noopener noreferrer\" href=\"https:\/\/support.microsoft.com\/en-us\/topic\/how-to-delete-cookie-files-in-internet-explorer-bca9446f-d873-78de-77ba-d42645fa52fc\">https:\/\/support.microsoft.com\/en-us\/topic\/how-to-delete-cookie-files-in-internet-explorer-bca9446f-d873-78de-77ba-d42645fa52fc<\/a><\/pee><pee>Si est\u00e1 utilizando cualquier otro navegador web, visite los documentos de soporte oficiales de su navegador.<\/pee><\/div>\n<p><!-- [et_pb_line_break_holder] --><!-- [et_pb_line_break_holder] --><!-- [et_pb_line_break_holder] -->&nbsp;<!-- [et_pb_line_break_holder] --><pee class=\"cookie-policy-p\"><!-- [et_pb_line_break_holder] -->    Cookie Policy Generated By  <a target=\"_blank\" href=\"https:\/\/www.cookieyes.com\/?utm_source=CP&#038;utm_medium=footer&#038;utm_campaign=UW\" rel=\"noopener\">CookieYes &#8211; Cookie Policy Generator<\/a>.<!-- [et_pb_line_break_holder] --><\/pee>[\/et_pb_code][\/et_pb_column][\/et_pb_row][\/et_pb_section]<\/p>\n","protected":false},"excerpt":{"rendered":"","protected":false},"author":1,"featured_media":0,"parent":0,"menu_order":0,"comment_status":"closed","ping_status":"closed","template":"","meta":{"_et_pb_use_builder":"on","_et_pb_old_content":"","_et_gb_content_width":"","_monsterinsights_skip_tracking":false,"_monsterinsights_sitenote_active":false,"_monsterinsights_sitenote_note":"","_monsterinsights_sitenote_category":0,"footnotes":""},"class_list":["post-105165","page","type-page","status-publish","hentry"],"aioseo_notices":[],"_links":{"self":[{"href":"https:\/\/qubit.legal\/legal\/wp-json\/wp\/v2\/pages\/105165","targetHints":{"allow":["GET"]}}],"collection":[{"href":"https:\/\/qubit.legal\/legal\/wp-json\/wp\/v2\/pages"}],"about":[{"href":"https:\/\/qubit.legal\/legal\/wp-json\/wp\/v2\/types\/page"}],"author":[{"embeddable":true,"href":"https:\/\/qubit.legal\/legal\/wp-json\/wp\/v2\/users\/1"}],"replies":[{"embeddable":true,"href":"https:\/\/qubit.legal\/legal\/wp-json\/wp\/v2\/comments?post=105165"}],"version-history":[{"count":7,"href":"https:\/\/qubit.legal\/legal\/wp-json\/wp\/v2\/pages\/105165\/revisions"}],"predecessor-version":[{"id":105180,"href":"https:\/\/qubit.legal\/legal\/wp-json\/wp\/v2\/pages\/105165\/revisions\/105180"}],"wp:attachment":[{"href":"https:\/\/qubit.legal\/legal\/wp-json\/wp\/v2\/media?parent=105165"}],"curies":[{"name":"wp","href":"https:\/\/api.w.org\/{rel}","templated":true}]}}